{"id":3350,"date":"2024-10-16T15:34:35","date_gmt":"2024-10-16T15:34:35","guid":{"rendered":"https:\/\/ingridejohnson.com\/?page_id=3350"},"modified":"2025-04-23T15:02:17","modified_gmt":"2025-04-23T15:02:17","slug":"buehne-medien","status":"publish","type":"page","link":"https:\/\/ingridejohnson.com\/de\/buehne-medien","title":{"rendered":"B\u00dcHNE &#038; MEDIEN"},"content":{"rendered":"<p><em><span style=\"font-family: verdana, geneva, sans-serif;\">(Mehr wird bald hinzugef\u00fcgt.)<\/span><\/em><\/p>\n<p>&nbsp;<\/p>\n<p><strong><span style=\"font-family: verdana, geneva, sans-serif;\">2025 Januar 11 <a href=\"https:\/\/ingridejohnson.com\/de\/mein-debuet-beim-poetry-slam-mit-den-kiezpoeten\">POETRY SLAM Debut mit den Kiezpoeten in Berlin<\/a><\/span><\/strong><\/p>\n<p><span style=\"font-family: verdana, geneva, sans-serif;\"><strong>2022 <a href=\"https:\/\/www.nbh-neukoelln.de\/angebote\/theater-der-verrueckten\/\">Theater der Verr\u00fcckten<\/a>: <a href=\"https:\/\/www.suhrkamptheater.de\/stueck\/bertolt-brecht-der-jasager-der-neinsager-tt-100072\">Die:Der Jasager:in. Die:Der Neinsager:in.\u00a0\u00a0<\/a><\/strong><\/span><span style=\"font-family: verdana, geneva, sans-serif;\">Das &#8222;Theater der Verr\u00fcckten&#8220; ist ein kreatives Ensemble, das sich gegen Diskriminierung, Stigmatisierung und Unterdr\u00fcckung von Menschen mit psychischen Herausforderungen einsetzt. In selbst entwickelten Szenen nutzen sie ihre Konflikte, um gemeinsam mit ihrem Publikum M\u00f6glichkeiten zur Ver\u00e4nderung zu erkunden. Mit Hilfe des &#8222;Forum-Theaters&#8220;, einer Methode aus Augusto Boals &#8222;Theater der Unterdr\u00fcckten&#8220;, testen sie L\u00f6sungen direkt auf der B\u00fchne. Ich hatte das Privileg, eine Saison lang daran teilzunehmen und zu dieser inspirierenden und transformativen Arbeit beizutragen.<\/span><\/p>\n<p><strong>2021 TV-SHOW @ Deutsche Welle: <a href=\"https:\/\/www.dw.com\/de\/initiative-erinnert-an-corona-tote\/video-56365142\">Iniative erinnert an Corona-Tote <\/a><\/strong><em>(Ingrid&#8217;s Interview beginnt bei &#8211; 1:10 &#8211; Die in meinem Deutsche-Welle-Interview gezeigte <a href=\"https:\/\/ingridejohnson.com\/wp-content\/uploads\/2024\/10\/Robert-James-Manzari-nachruf-obituary.pdf\">Traueranzeige k\u00f6nnen Sie hier ansehen<\/a>.)<\/em><\/p>\n<p><strong>2019 B\u00dcHNE: THE MOTH StorySlam @ Rich Mix in London &#8211; Thema Furchtlos\u00a0 <\/strong><a href=\"https:\/\/ingridejohnson.com\/de\/the-moth-storyslam-london-thema-furchtlos\">(mehr dazu unter diesem Link)<\/a><\/p>\n<p><strong>2011 TV-SHOW:<\/strong> <strong><a href=\"https:\/\/de.wikipedia.org\/wiki\/Gute_Zeiten,_schlechte_Zeiten\">Gute Zeiten Schlechte Zeiten (GZSZ)<\/a><\/strong> <strong>(Block 964) &#8211; Rolle: Passant <\/strong><span style=\"font-family: verdana, geneva, sans-serif;\">Der Dreh fand an der Au\u00dfenkulisse &#8222;Kiez&#8220; auf dem Studiogel\u00e4nde in Potsdam-Babelsberg statt. Ich wurde gebeten, mehrmals eine k\u00fcnstliche Stra\u00dfe entlangzulaufen.<\/span><\/p>\n<p><strong>2011 TV-SHOW: <a href=\"https:\/\/de.wikipedia.org\/wiki\/Richterin_Barbara_Salesch\"><em>Barbara Salesch \u2013<\/em><em> Das Strafgericht<\/em> <\/a>(Case: &#8218;Rote Lippen soll man k\u00fcssen&#8216;) &#8211; Rolle: Sachverst\u00e4ndige als Lippenleserin, Dr. Elena Berning <\/strong><span style=\"font-family: verdana, geneva, sans-serif;\">Sie flogen mich f\u00fcr den Drehtag von Berlin nach H\u00fcrth. Ich erwartete kleine Szenen, aber zu meiner \u00dcberraschung versuchten sie, die gesamte Show in einem Take zu drehen. W\u00e4hrend meiner Szene ging der Anwalt des Angeklagten (Uwe Krechel) immer wieder vom Skript ab, was mich etwas unsicher machte, aber ich habe es irgendwie geschafft. Alles in allem war es eine lustige Herausforderung!<\/span><\/p>\n<p><strong>1990 B\u00dcHNE: MARIANNE AND THE LARGE MAN, Teil der Show mit dem Titel: &#8230;viewpoints&#8230; eine Pr\u00e4sentation von Theater-, Tanz- und Performancewerken @ EXTRAPOLATING STUDIO &#8211; 220 East 4th St. (4. Stock), NY, NY 10009. <\/strong><a href=\"https:\/\/ingridejohnson.com\/wp-content\/uploads\/2024\/10\/1990.10.13-mariane-and-the-large-man-dance-show.pdf\"><em>(Schau dir den Original-Flyer hier an, um mehr Details zu erfahren.) <\/em><\/a><span style=\"font-family: verdana, geneva, sans-serif;\">In meiner ersten Auff\u00fchrung in NYC stand ich als Mariane an einer Bar und schaute traurig, w\u00e4hrend &#8218;der gro\u00dfe Mann&#8216;, Ron Walker, mir tr\u00f6stend \u00fcber die Schulter strich. Ohne mich zu bewegen, liefen pl\u00f6tzlich leise Tr\u00e4nen \u00fcber meine Wangen\u2014komplett ungeplant, da sie erst w\u00e4hrend der Live-Show erschienen. Es war ein einfacher, aber emotionaler Moment und ein denkw\u00fcrdiger Beginn meiner Reise in New York.<\/span><\/p>\n<p><span style=\"font-family: verdana, geneva, sans-serif;\"><strong>1981 B\u00dcHNE: <em>Italienische Nacht<\/em> von \u00d6d\u00f6n von Horv\u00e1th \u2013 Rolle: Anna<\/strong><\/span><br \/>\n<span style=\"font-family: verdana, geneva, sans-serif;\"><strong>Schulauff\u00fchrung am Kreisgymnasium St. Ursula, Hasel\u00fcnne, Deutschland<\/strong><\/span><br \/>\n<span style=\"font-family: verdana, geneva, sans-serif;\">In <em>Italienische Nacht<\/em> spiele ich Anna, eine Freundin, die so dem Ziel verpflichtet ist, dass sie bereit ist, absurde Wege zu gehen \u2013 fast mit einem Faschisten zu schlafen \u2013 nur um ihren Freund zu unterst\u00fctzen und den Aktivisten zu helfen. Es ist eine Rolle, die zeigt, wie weit Anna (und ich!) f\u00fcr Liebe, Loyalit\u00e4t und, naja, ein bisschen politische Spionage gehen w\u00fcrden!<\/span><\/p>\n<p><img decoding=\"async\" class=\"alignnone size-medium wp-image-3518\" src=\"https:\/\/ingridejohnson.com\/wp-content\/uploads\/2024\/11\/IMG_0621-220x300.jpg\" alt=\"\" width=\"220\" height=\"300\" srcset=\"https:\/\/ingridejohnson.com\/wp-content\/uploads\/2024\/11\/IMG_0621-220x300.jpg 220w, https:\/\/ingridejohnson.com\/wp-content\/uploads\/2024\/11\/IMG_0621.jpg 352w\" sizes=\"(max-width: 220px) 100vw, 220px\" \/><img decoding=\"async\" class=\"alignnone size-medium wp-image-3516\" src=\"https:\/\/ingridejohnson.com\/wp-content\/uploads\/2024\/11\/IMG_0624-300x195.jpg\" alt=\"\" width=\"300\" height=\"195\" srcset=\"https:\/\/ingridejohnson.com\/wp-content\/uploads\/2024\/11\/IMG_0624-300x195.jpg 300w, https:\/\/ingridejohnson.com\/wp-content\/uploads\/2024\/11\/IMG_0624.jpg 484w\" sizes=\"(max-width: 300px) 100vw, 300px\" \/><\/p>\n","protected":false},"excerpt":{"rendered":"<p>(Mehr wird bald hinzugef\u00fcgt.) &nbsp; 2025 Januar 11 POETRY SLAM Debut mit den Kiezpoeten in Berlin 2022 Theater der Verr\u00fcckten: Die:Der Jasager:in. Die:Der Neinsager:in.\u00a0\u00a0Das &#8222;Theater der Verr\u00fcckten&#8220; ist ein kreatives Ensemble, das sich gegen Diskriminierung, Stigmatisierung und Unterdr\u00fcckung von Menschen mit psychischen Herausforderungen einsetzt. In selbst entwickelten Szenen nutzen sie ihre Konflikte, um gemeinsam mit <a class=\"read-more\" href=\"https:\/\/ingridejohnson.com\/de\/buehne-medien\">Weiterlesen<\/a><\/p>\n","protected":false},"author":1,"featured_media":0,"parent":0,"menu_order":0,"comment_status":"closed","ping_status":"closed","template":"","meta":{"jnews_page_loop":{"first_title":"Latest Post","header_type":"heading_6","layout":"right-sidebar","sidebar":"default-sidebar","second_sidebar":"default-sidebar","sticky_sidebar":"1","module":"3","excerpt_length":"20","content_date":"default","date_custom":"Y\/m\/d","content_pagination":"nav_1","pagination_align":"center","post_sticky":"0","post_offset":"0","posts_per_page":"5","sort_by":"latest","main_custom_image_size":"default","second_custom_image_size":"default"},"jnews_single_page":{"layout":"no-sidebar","sidebar":"default-sidebar","second_sidebar":"default-sidebar","sticky_sidebar":"1","show_post_title":"1","show_post_breadcrumbs":"1","show_post_featured":"1","share_position":"top","share_color":"share-monocrhome"},"footnotes":""},"class_list":["post-3350","page","type-page","status-publish","hentry"],"yoast_head":"<!-- This site is optimized with the Yoast SEO Premium plugin v25.9 (Yoast SEO v27.5) - https:\/\/yoast.com\/product\/yoast-seo-premium-wordpress\/ -->\n<title>B\u00dcHNE &amp; MEDIEN - ingrid e johnson<\/title>\n<meta name=\"robots\" content=\"index, follow, max-snippet:-1, max-image-preview:large, max-video-preview:-1\" \/>\n<link rel=\"canonical\" href=\"https:\/\/ingridejohnson.com\/de\/buehne-medien\" \/>\n<meta property=\"og:locale\" content=\"de_DE\" \/>\n<meta property=\"og:type\" content=\"article\" \/>\n<meta property=\"og:title\" content=\"B\u00dcHNE &amp; MEDIEN\" \/>\n<meta property=\"og:description\" content=\"(Mehr wird bald hinzugef\u00fcgt.) &nbsp; 2025 Januar 11 POETRY SLAM Debut mit den Kiezpoeten in Berlin 2022 Theater der Verr\u00fcckten: Die:Der Jasager:in. Die:Der Neinsager:in.\u00a0\u00a0Das &#8222;Theater der Verr\u00fcckten&#8220; ist ein kreatives Ensemble, das sich gegen Diskriminierung, Stigmatisierung und Unterdr\u00fcckung von Menschen mit psychischen Herausforderungen einsetzt. In selbst entwickelten Szenen nutzen sie ihre Konflikte, um gemeinsam mit Weiterlesen\" \/>\n<meta property=\"og:url\" content=\"https:\/\/ingridejohnson.com\/de\/buehne-medien\" \/>\n<meta property=\"og:site_name\" content=\"ingrid e johnson\" \/>\n<meta property=\"article:modified_time\" content=\"2025-04-23T15:02:17+00:00\" \/>\n<meta property=\"og:image\" content=\"https:\/\/ingridejohnson.com\/wp-content\/uploads\/2024\/11\/IMG_0621.jpg\" \/>\n\t<meta property=\"og:image:width\" content=\"352\" \/>\n\t<meta property=\"og:image:height\" content=\"479\" \/>\n\t<meta property=\"og:image:type\" content=\"image\/jpeg\" \/>\n<meta name=\"twitter:card\" content=\"summary_large_image\" \/>\n<meta name=\"twitter:label1\" content=\"Gesch\u00e4tzte Lesezeit\" \/>\n\t<meta name=\"twitter:data1\" content=\"3\u00a0Minuten\" \/>\n<script type=\"application\/ld+json\" class=\"yoast-schema-graph\">{\"@context\":\"https:\\\/\\\/schema.org\",\"@graph\":[{\"@type\":\"WebPage\",\"@id\":\"https:\\\/\\\/ingridejohnson.com\\\/de\\\/buehne-medien\",\"url\":\"https:\\\/\\\/ingridejohnson.com\\\/de\\\/buehne-medien\",\"name\":\"B\u00dcHNE & MEDIEN - ingrid e johnson\",\"isPartOf\":{\"@id\":\"https:\\\/\\\/ingridejohnson.com\\\/#website\"},\"primaryImageOfPage\":{\"@id\":\"https:\\\/\\\/ingridejohnson.com\\\/de\\\/buehne-medien#primaryimage\"},\"image\":{\"@id\":\"https:\\\/\\\/ingridejohnson.com\\\/de\\\/buehne-medien#primaryimage\"},\"thumbnailUrl\":\"https:\\\/\\\/ingridejohnson.com\\\/wp-content\\\/uploads\\\/2024\\\/11\\\/IMG_0621-220x300.jpg\",\"datePublished\":\"2024-10-16T15:34:35+00:00\",\"dateModified\":\"2025-04-23T15:02:17+00:00\",\"breadcrumb\":{\"@id\":\"https:\\\/\\\/ingridejohnson.com\\\/de\\\/buehne-medien#breadcrumb\"},\"inLanguage\":\"de\",\"potentialAction\":[{\"@type\":\"ReadAction\",\"target\":[\"https:\\\/\\\/ingridejohnson.com\\\/de\\\/buehne-medien\"]}]},{\"@type\":\"ImageObject\",\"inLanguage\":\"de\",\"@id\":\"https:\\\/\\\/ingridejohnson.com\\\/de\\\/buehne-medien#primaryimage\",\"url\":\"https:\\\/\\\/ingridejohnson.com\\\/wp-content\\\/uploads\\\/2024\\\/11\\\/IMG_0621-220x300.jpg\",\"contentUrl\":\"https:\\\/\\\/ingridejohnson.com\\\/wp-content\\\/uploads\\\/2024\\\/11\\\/IMG_0621-220x300.jpg\"},{\"@type\":\"BreadcrumbList\",\"@id\":\"https:\\\/\\\/ingridejohnson.com\\\/de\\\/buehne-medien#breadcrumb\",\"itemListElement\":[{\"@type\":\"ListItem\",\"position\":1,\"name\":\"Home\",\"item\":\"https:\\\/\\\/ingridejohnson.com\\\/de\"},{\"@type\":\"ListItem\",\"position\":2,\"name\":\"B\u00dcHNE &#038; MEDIEN\"}]},{\"@type\":\"WebSite\",\"@id\":\"https:\\\/\\\/ingridejohnson.com\\\/#website\",\"url\":\"https:\\\/\\\/ingridejohnson.com\\\/\",\"name\":\"ingrid e johnson\",\"description\":\"\",\"potentialAction\":[{\"@type\":\"SearchAction\",\"target\":{\"@type\":\"EntryPoint\",\"urlTemplate\":\"https:\\\/\\\/ingridejohnson.com\\\/?s={search_term_string}\"},\"query-input\":{\"@type\":\"PropertyValueSpecification\",\"valueRequired\":true,\"valueName\":\"search_term_string\"}}],\"inLanguage\":\"de\"}]}<\/script>\n<!-- \/ Yoast SEO Premium plugin. -->","yoast_head_json":{"title":"B\u00dcHNE & MEDIEN - ingrid e johnson","robots":{"index":"index","follow":"follow","max-snippet":"max-snippet:-1","max-image-preview":"max-image-preview:large","max-video-preview":"max-video-preview:-1"},"canonical":"https:\/\/ingridejohnson.com\/de\/buehne-medien","og_locale":"de_DE","og_type":"article","og_title":"B\u00dcHNE & MEDIEN","og_description":"(Mehr wird bald hinzugef\u00fcgt.) &nbsp; 2025 Januar 11 POETRY SLAM Debut mit den Kiezpoeten in Berlin 2022 Theater der Verr\u00fcckten: Die:Der Jasager:in. Die:Der Neinsager:in.\u00a0\u00a0Das &#8222;Theater der Verr\u00fcckten&#8220; ist ein kreatives Ensemble, das sich gegen Diskriminierung, Stigmatisierung und Unterdr\u00fcckung von Menschen mit psychischen Herausforderungen einsetzt. In selbst entwickelten Szenen nutzen sie ihre Konflikte, um gemeinsam mit Weiterlesen","og_url":"https:\/\/ingridejohnson.com\/de\/buehne-medien","og_site_name":"ingrid e johnson","article_modified_time":"2025-04-23T15:02:17+00:00","og_image":[{"width":352,"height":479,"url":"https:\/\/ingridejohnson.com\/wp-content\/uploads\/2024\/11\/IMG_0621.jpg","type":"image\/jpeg"}],"twitter_card":"summary_large_image","twitter_misc":{"Gesch\u00e4tzte Lesezeit":"3\u00a0Minuten"},"schema":{"@context":"https:\/\/schema.org","@graph":[{"@type":"WebPage","@id":"https:\/\/ingridejohnson.com\/de\/buehne-medien","url":"https:\/\/ingridejohnson.com\/de\/buehne-medien","name":"B\u00dcHNE & MEDIEN - ingrid e johnson","isPartOf":{"@id":"https:\/\/ingridejohnson.com\/#website"},"primaryImageOfPage":{"@id":"https:\/\/ingridejohnson.com\/de\/buehne-medien#primaryimage"},"image":{"@id":"https:\/\/ingridejohnson.com\/de\/buehne-medien#primaryimage"},"thumbnailUrl":"https:\/\/ingridejohnson.com\/wp-content\/uploads\/2024\/11\/IMG_0621-220x300.jpg","datePublished":"2024-10-16T15:34:35+00:00","dateModified":"2025-04-23T15:02:17+00:00","breadcrumb":{"@id":"https:\/\/ingridejohnson.com\/de\/buehne-medien#breadcrumb"},"inLanguage":"de","potentialAction":[{"@type":"ReadAction","target":["https:\/\/ingridejohnson.com\/de\/buehne-medien"]}]},{"@type":"ImageObject","inLanguage":"de","@id":"https:\/\/ingridejohnson.com\/de\/buehne-medien#primaryimage","url":"https:\/\/ingridejohnson.com\/wp-content\/uploads\/2024\/11\/IMG_0621-220x300.jpg","contentUrl":"https:\/\/ingridejohnson.com\/wp-content\/uploads\/2024\/11\/IMG_0621-220x300.jpg"},{"@type":"BreadcrumbList","@id":"https:\/\/ingridejohnson.com\/de\/buehne-medien#breadcrumb","itemListElement":[{"@type":"ListItem","position":1,"name":"Home","item":"https:\/\/ingridejohnson.com\/de"},{"@type":"ListItem","position":2,"name":"B\u00dcHNE &#038; MEDIEN"}]},{"@type":"WebSite","@id":"https:\/\/ingridejohnson.com\/#website","url":"https:\/\/ingridejohnson.com\/","name":"ingrid e johnson","description":"","potentialAction":[{"@type":"SearchAction","target":{"@type":"EntryPoint","urlTemplate":"https:\/\/ingridejohnson.com\/?s={search_term_string}"},"query-input":{"@type":"PropertyValueSpecification","valueRequired":true,"valueName":"search_term_string"}}],"inLanguage":"de"}]}},"_links":{"self":[{"href":"https:\/\/ingridejohnson.com\/de\/wp-json\/wp\/v2\/pages\/3350","targetHints":{"allow":["GET"]}}],"collection":[{"href":"https:\/\/ingridejohnson.com\/de\/wp-json\/wp\/v2\/pages"}],"about":[{"href":"https:\/\/ingridejohnson.com\/de\/wp-json\/wp\/v2\/types\/page"}],"author":[{"embeddable":true,"href":"https:\/\/ingridejohnson.com\/de\/wp-json\/wp\/v2\/users\/1"}],"replies":[{"embeddable":true,"href":"https:\/\/ingridejohnson.com\/de\/wp-json\/wp\/v2\/comments?post=3350"}],"version-history":[{"count":31,"href":"https:\/\/ingridejohnson.com\/de\/wp-json\/wp\/v2\/pages\/3350\/revisions"}],"predecessor-version":[{"id":3615,"href":"https:\/\/ingridejohnson.com\/de\/wp-json\/wp\/v2\/pages\/3350\/revisions\/3615"}],"wp:attachment":[{"href":"https:\/\/ingridejohnson.com\/de\/wp-json\/wp\/v2\/media?parent=3350"}],"curies":[{"name":"wp","href":"https:\/\/api.w.org\/{rel}","templated":true}]}}