{"id":3591,"date":"2025-01-05T19:06:01","date_gmt":"2025-01-05T19:06:01","guid":{"rendered":"https:\/\/ingridejohnson.com\/?page_id=3591"},"modified":"2025-09-30T10:16:53","modified_gmt":"2025-09-30T10:16:53","slug":"mein-weg-meine-vision-und-erfahrungenreise-und-vision","status":"publish","type":"page","link":"https:\/\/ingridejohnson.com\/de\/mein-weg-meine-vision-und-erfahrungenreise-und-vision","title":{"rendered":"Mein Weg, meine Vision und Erfahrungen"},"content":{"rendered":"<div class=\"wpb-content-wrapper\"><p>[vc_row][vc_column][vc_column_text css=&#8220;&#8220;]<span style=\"font-size: 12pt; font-family: verdana, geneva, sans-serif;\"><em>F\u00fcr einen detaillierten \u00dcberblick \u00fcber meinen beruflichen Werdegang, einschlie\u00dflich der von mir absolvierten Kurse und meiner bisherigen T\u00e4tigkeiten, findest du meinen Lebenslauf <a href=\"https:\/\/ingridejohnson.com\/de\/lebenslauf\">HIER<\/a>. Im Folgenden teile ich mehr \u00fcber meinen Weg, meine Mentoren und die Vision, die meine Arbeit antreibt.<\/em><\/span><\/p>\n<p><span style=\"font-family: verdana, geneva, sans-serif; font-size: 12pt;\"><strong>Eine lebensver\u00e4ndernde Erfahrung<\/strong><\/span><\/p>\n<p><span style=\"font-family: verdana, geneva, sans-serif; font-size: 12pt;\">Nach einer lebensver\u00e4ndernden Erfahrung, als ich 2014 in New York City unfreiwillig in einer psychiatrischen Einrichtung eingesperrt wurde \u2013 eine unn\u00f6tige und zutiefst belastende Erfahrung \u2013 verbrachte ich Jahre damit, mein Selbstbewusstsein und meine Lebensaufgabe wiederzufinden.<\/span><\/p>\n<h3 data-start=\"90\" data-end=\"127\"><span style=\"font-size: 12pt; font-family: verdana, geneva, sans-serif;\"><strong data-start=\"94\" data-end=\"125\">Eine Vision f\u00fcr die Zukunft<\/strong><\/span><\/h3>\n<p data-start=\"129\" data-end=\"765\"><span style=\"font-size: 12pt; font-family: verdana, geneva, sans-serif;\">Heute konzentriert sich meine Arbeit auf den Aufbau von <a href=\"https:\/\/recasas.org\/\">RECASAS<\/a>, einer wachsenden, peer-geleiteten Initiative aus Berlin, die mit k\u00fcnstlerischen Lese- und Schreibgruppen Menschen unterst\u00fctzt, die Schwieriges erlebt haben oder gerade durchleben. Statt Zeit und Geld in die Humanisierung eines Systems der Ausgrenzung (Psychiatrie) zu stecken, habe ich mit <a href=\"https:\/\/recasas.org\/\">RECASAS<\/a> begonnen, ein neues System aufzubauen \u2013 f\u00fcr R\u00e4ume der Selbstbestimmung, Vielfalt und Menschenrechte. R\u00e4ume, in denen Verbindung und Kreativit\u00e4t wachsen k\u00f6nnen und in denen Menschen in ihrem eigenen Tempo wieder Kraft finden. Alle sind willkommen \u2013 genau so, wie sie sind.<\/span><\/p>\n<p><span style=\"font-family: verdana, geneva, sans-serif; font-size: 12pt;\"><strong>Mein Weg und pers\u00f6nliche Wendepunkte<\/strong><\/span><\/p>\n<p><span style=\"font-family: verdana, geneva, sans-serif; font-size: 12pt;\">Meine Reise begann mit Verlust. Mein Vater, Gary S. Johnson, starb, als ich 13 Jahre alt war. Sein Kampf mit gesellschaftlichem Druck zeigte mir, wie wichtig sichere R\u00e4ume sind, die in unserer Welt oft fehlen. In meiner Jugend gab mir die Punkmusik eine Stimme, um die Systeme um mich herum infrage zu stellen. Sp\u00e4ter, als ich zwischen Berlin und New York City hin- und herzog, erlebte ich kulturelle Kontraste, die mein Verst\u00e4ndnis von Verbindung, Kreativit\u00e4t und Resilienz vertieften.<\/span><\/p>\n<p><span style=\"font-family: verdana, geneva, sans-serif; font-size: 12pt;\"><strong>Berufliche Erfahrungen<\/strong><\/span><\/p>\n<p><span style=\"font-family: verdana, geneva, sans-serif; font-size: 12pt;\">Mein beruflicher Werdegang war ebenso vielf\u00e4ltig wie bereichernd. In New York City arbeitete ich jahrelang unter der Leitung von Barbara Corcoran in ihrem Immobilienunternehmen, wo ich lernte, wie ein von Frauen dominiertes Unternehmen mit einzigartiger St\u00e4rke und Zusammenhalt funktioniert. Als Managerin im Soho-B\u00fcro der Corcoran Group brachte mir <a href=\"https:\/\/www.williampitt.com\/agents\/jimgricar\/\">Jim Gricar<\/a> bei, wie man in schwierigen Zeiten f\u00fchrt, insbesondere nach den turbulenten Tagen nach dem 11. September. Von meinem pers\u00f6nlichen Coach Alon Ben Meir lernte ich wertvolle F\u00e4higkeiten in Verhandlungsf\u00fchrung und strategischer Planung.<\/span><\/p>\n<p><span style=\"font-family: verdana, geneva, sans-serif; font-size: 12pt;\">In Berlin wurde meine fr\u00fche Karriere durch k\u00fcnstlerische T\u00e4tigkeiten gepr\u00e4gt \u2013 von der Arbeit im Theater, in der Musik und im Film bis hin zum Kellnern in Live-Musik-Locations. Diese Rollen befl\u00fcgelten meinen kreativen Geist und halfen mir, mit vielf\u00e4ltigen Gemeinschaften in Kontakt zu treten. Ein besonders einzigartiges Kapitel meines Lebens war meine T\u00e4tigkeit als Taxifahrerin in Berlin w\u00e4hrend des Mauerfalls \u2013 ein historisches Ereignis, das ich aus erster Hand miterlebte.<\/span><\/p>\n<p><span style=\"font-family: verdana, geneva, sans-serif; font-size: 12pt;\">Diese Kombination aus k\u00fcnstlerischen und gesch\u00e4ftlichen Erfahrungen pr\u00e4gt meine heutige Arbeit, in der ich Kreativit\u00e4t mit strategischem Denken verbinde, um <a href=\"https:\/\/recasas.org\/\">RECASAS<\/a> zu entwickeln und f\u00fcr einen mitf\u00fchlenderen Ansatz zur emotionalen Gesundheit einzutreten.<\/span><\/p>\n<p><span style=\"font-family: verdana, geneva, sans-serif; font-size: 12pt;\"><strong>Mentoren<\/strong><\/span><\/p>\n<p><span style=\"font-family: verdana, geneva, sans-serif; font-size: 12pt;\">Im Laufe meines Lebens wurde ich von vielen unglaublichen Mentoren begleitet und inspiriert, doch niemand hat mich mehr gepr\u00e4gt als meine Mutter. Sie ist die st\u00e4rkste und resilienteste Person, die ich kenne, und ich verdanke ihr all meine St\u00e4rke. Ihre unersch\u00fctterliche Unterst\u00fctzung, selbst in meinen schwierigsten Zeiten, und ihre F\u00e4higkeit, den Herausforderungen des Lebens mit Mut und Entschlossenheit zu begegnen, sind meine gr\u00f6\u00dfte Inspirationsquelle.<\/span><\/p>\n<p><span style=\"font-family: verdana, geneva, sans-serif; font-size: 12pt;\">Ich hatte auch das Privileg, von anderen zu lernen, die meinen Weg gepr\u00e4gt haben. Mein Stiefvater, Dr. Josef Dieter Stein, lehrte mich, global zu denken und famili\u00e4re Verbindungen zu sch\u00e4tzen. Mein Vater, Gary S. Johnson, weckte in mir eine Liebe zur Literatur und zu den K\u00fcnsten, die mich bis heute begleitet. <a href=\"https:\/\/de.wikipedia.org\/wiki\/Ben_Vereen\">Ben Vereen<\/a> war mein direkter Nachbar in Brooklyn \u00fcber 4 Jahre hinweg (2001-2005). Seine Freundschaft und Inspiration in entscheidenden Jahren meines Lebens verst\u00e4rkten meinen Glauben an die heilende und inspirierende Kraft der K\u00fcnste.<\/span><\/p>\n<p><span style=\"font-family: verdana, geneva, sans-serif; font-size: 12pt;\">Mentoren wie <a href=\"https:\/\/en.wikipedia.org\/wiki\/Barbara_Corcoran\">Barbara Corcoran<\/a>, <a href=\"https:\/\/www.williampitt.com\/agents\/jimgricar\/\">Jim Gricar<\/a> und <a href=\"https:\/\/en.wikipedia.org\/wiki\/Alon_Ben-Meir\">Alon Ben Meir<\/a> pr\u00e4gten meinen beruflichen Ansatz und lehrten mich Resilienz, F\u00fchrungsst\u00e4rke und strategisches Denken. Gemeinsam bilden sie ein Fundament aus Weisheit und Orientierung, das meine gesamte heutige Arbeit leitet.<\/span><\/p>\n<p><span style=\"font-family: verdana, geneva, sans-serif; font-size: 12pt;\"><strong>Bildung und kreativer Ausdruck<\/strong><\/span><\/p>\n<p><span style=\"font-family: verdana, geneva, sans-serif; font-size: 12pt;\">Mein Studium der Betriebswirtschaft, Psychologie und Medienphilosophie in Deutschland, den USA und der Schweiz hat meine Leidenschaft f\u00fcr die Neugestaltung von Unterst\u00fctzungsstrukturen gest\u00e4rkt. Ob bei Erz\u00e4hlveranstaltungen, beim Schreiben von Gedichten, bei Poetry-Slams oder bei der Entwicklung von RECASAS,\u00a0ich sehe im kreativen Ausdruck einen m\u00e4chtigen Katalysator f\u00fcr Resilienz und Verbindung. Ich arbeite au\u00dferdem an einem Memoir, das ich eines Tages ver\u00f6ffentlichen m\u00f6chte, um meine Reise der Selbstfindung nach einer lebensver\u00e4ndernden Erfahrung und meinen Einsatz f\u00fcr eine mitf\u00fchlendere Welt zu teilen.<\/span>[\/vc_column_text][\/vc_column][\/vc_row]<\/p>\n<\/div>","protected":false},"excerpt":{"rendered":"<p>[vc_row][vc_column][vc_column_text css=&#8220;&#8220;]F\u00fcr einen detaillierten \u00dcberblick \u00fcber meinen beruflichen Werdegang, einschlie\u00dflich der von mir absolvierten Kurse und meiner bisherigen T\u00e4tigkeiten, findest du meinen Lebenslauf HIER. Im Folgenden teile ich mehr \u00fcber meinen Weg, meine Mentoren und die Vision, die meine Arbeit antreibt. Eine lebensver\u00e4ndernde Erfahrung Nach einer lebensver\u00e4ndernden Erfahrung, als ich 2014 in New York City <a class=\"read-more\" href=\"https:\/\/ingridejohnson.com\/de\/mein-weg-meine-vision-und-erfahrungenreise-und-vision\">Weiterlesen<\/a><\/p>\n","protected":false},"author":1,"featured_media":0,"parent":0,"menu_order":0,"comment_status":"closed","ping_status":"closed","template":"","meta":{"jnews_page_loop":{"first_title":"Latest Post","header_type":"heading_6","layout":"right-sidebar","sidebar":"default-sidebar","second_sidebar":"default-sidebar","sticky_sidebar":"1","module":"3","excerpt_length":"20","content_date":"default","date_custom":"Y\/m\/d","content_pagination":"nav_1","pagination_align":"center","post_sticky":"0","post_offset":"0","posts_per_page":"5","sort_by":"latest","main_custom_image_size":"default","second_custom_image_size":"default"},"jnews_single_page":{"layout":"no-sidebar","sidebar":"default-sidebar","second_sidebar":"default-sidebar","sticky_sidebar":"1","show_post_title":"1","show_post_breadcrumbs":"1","show_post_featured":"1","share_position":"top","share_color":"share-monocrhome"},"footnotes":""},"class_list":["post-3591","page","type-page","status-publish","hentry"],"yoast_head":"<!-- This site is optimized with the Yoast SEO Premium plugin v25.9 (Yoast SEO v27.4) - https:\/\/yoast.com\/product\/yoast-seo-premium-wordpress\/ -->\n<title>Mein Weg, meine Vision und Erfahrungen - ingrid e johnson<\/title>\n<meta name=\"robots\" content=\"index, follow, max-snippet:-1, max-image-preview:large, max-video-preview:-1\" \/>\n<link rel=\"canonical\" href=\"https:\/\/ingridejohnson.com\/de\/mein-weg-meine-vision-und-erfahrungenreise-und-vision\" \/>\n<meta property=\"og:locale\" content=\"de_DE\" \/>\n<meta property=\"og:type\" content=\"article\" \/>\n<meta property=\"og:title\" content=\"Mein Weg, meine Vision und Erfahrungen\" \/>\n<meta property=\"og:description\" content=\"[vc_row][vc_column][vc_column_text css=&#8220;&#8220;]F\u00fcr einen detaillierten \u00dcberblick \u00fcber meinen beruflichen Werdegang, einschlie\u00dflich der von mir absolvierten Kurse und meiner bisherigen T\u00e4tigkeiten, findest du meinen Lebenslauf HIER. Im Folgenden teile ich mehr \u00fcber meinen Weg, meine Mentoren und die Vision, die meine Arbeit antreibt. Eine lebensver\u00e4ndernde Erfahrung Nach einer lebensver\u00e4ndernden Erfahrung, als ich 2014 in New York City Weiterlesen\" \/>\n<meta property=\"og:url\" content=\"https:\/\/ingridejohnson.com\/de\/mein-weg-meine-vision-und-erfahrungenreise-und-vision\" \/>\n<meta property=\"og:site_name\" content=\"ingrid e johnson\" \/>\n<meta property=\"article:modified_time\" content=\"2025-09-30T10:16:53+00:00\" \/>\n<meta name=\"twitter:card\" content=\"summary_large_image\" \/>\n<meta name=\"twitter:label1\" content=\"Gesch\u00e4tzte Lesezeit\" \/>\n\t<meta name=\"twitter:data1\" content=\"4\u00a0Minuten\" \/>\n<script type=\"application\/ld+json\" class=\"yoast-schema-graph\">{\"@context\":\"https:\\\/\\\/schema.org\",\"@graph\":[{\"@type\":\"WebPage\",\"@id\":\"https:\\\/\\\/ingridejohnson.com\\\/de\\\/mein-weg-meine-vision-und-erfahrungenreise-und-vision\",\"url\":\"https:\\\/\\\/ingridejohnson.com\\\/de\\\/mein-weg-meine-vision-und-erfahrungenreise-und-vision\",\"name\":\"Mein Weg, meine Vision und Erfahrungen - ingrid e johnson\",\"isPartOf\":{\"@id\":\"https:\\\/\\\/ingridejohnson.com\\\/#website\"},\"datePublished\":\"2025-01-05T19:06:01+00:00\",\"dateModified\":\"2025-09-30T10:16:53+00:00\",\"breadcrumb\":{\"@id\":\"https:\\\/\\\/ingridejohnson.com\\\/de\\\/mein-weg-meine-vision-und-erfahrungenreise-und-vision#breadcrumb\"},\"inLanguage\":\"de\",\"potentialAction\":[{\"@type\":\"ReadAction\",\"target\":[\"https:\\\/\\\/ingridejohnson.com\\\/de\\\/mein-weg-meine-vision-und-erfahrungenreise-und-vision\"]}]},{\"@type\":\"BreadcrumbList\",\"@id\":\"https:\\\/\\\/ingridejohnson.com\\\/de\\\/mein-weg-meine-vision-und-erfahrungenreise-und-vision#breadcrumb\",\"itemListElement\":[{\"@type\":\"ListItem\",\"position\":1,\"name\":\"Home\",\"item\":\"https:\\\/\\\/ingridejohnson.com\\\/de\"},{\"@type\":\"ListItem\",\"position\":2,\"name\":\"Mein Weg, meine Vision und Erfahrungen\"}]},{\"@type\":\"WebSite\",\"@id\":\"https:\\\/\\\/ingridejohnson.com\\\/#website\",\"url\":\"https:\\\/\\\/ingridejohnson.com\\\/\",\"name\":\"ingrid e johnson\",\"description\":\"\",\"potentialAction\":[{\"@type\":\"SearchAction\",\"target\":{\"@type\":\"EntryPoint\",\"urlTemplate\":\"https:\\\/\\\/ingridejohnson.com\\\/?s={search_term_string}\"},\"query-input\":{\"@type\":\"PropertyValueSpecification\",\"valueRequired\":true,\"valueName\":\"search_term_string\"}}],\"inLanguage\":\"de\"}]}<\/script>\n<!-- \/ Yoast SEO Premium plugin. -->","yoast_head_json":{"title":"Mein Weg, meine Vision und Erfahrungen - ingrid e johnson","robots":{"index":"index","follow":"follow","max-snippet":"max-snippet:-1","max-image-preview":"max-image-preview:large","max-video-preview":"max-video-preview:-1"},"canonical":"https:\/\/ingridejohnson.com\/de\/mein-weg-meine-vision-und-erfahrungenreise-und-vision","og_locale":"de_DE","og_type":"article","og_title":"Mein Weg, meine Vision und Erfahrungen","og_description":"[vc_row][vc_column][vc_column_text css=&#8220;&#8220;]F\u00fcr einen detaillierten \u00dcberblick \u00fcber meinen beruflichen Werdegang, einschlie\u00dflich der von mir absolvierten Kurse und meiner bisherigen T\u00e4tigkeiten, findest du meinen Lebenslauf HIER. Im Folgenden teile ich mehr \u00fcber meinen Weg, meine Mentoren und die Vision, die meine Arbeit antreibt. Eine lebensver\u00e4ndernde Erfahrung Nach einer lebensver\u00e4ndernden Erfahrung, als ich 2014 in New York City Weiterlesen","og_url":"https:\/\/ingridejohnson.com\/de\/mein-weg-meine-vision-und-erfahrungenreise-und-vision","og_site_name":"ingrid e johnson","article_modified_time":"2025-09-30T10:16:53+00:00","twitter_card":"summary_large_image","twitter_misc":{"Gesch\u00e4tzte Lesezeit":"4\u00a0Minuten"},"schema":{"@context":"https:\/\/schema.org","@graph":[{"@type":"WebPage","@id":"https:\/\/ingridejohnson.com\/de\/mein-weg-meine-vision-und-erfahrungenreise-und-vision","url":"https:\/\/ingridejohnson.com\/de\/mein-weg-meine-vision-und-erfahrungenreise-und-vision","name":"Mein Weg, meine Vision und Erfahrungen - ingrid e johnson","isPartOf":{"@id":"https:\/\/ingridejohnson.com\/#website"},"datePublished":"2025-01-05T19:06:01+00:00","dateModified":"2025-09-30T10:16:53+00:00","breadcrumb":{"@id":"https:\/\/ingridejohnson.com\/de\/mein-weg-meine-vision-und-erfahrungenreise-und-vision#breadcrumb"},"inLanguage":"de","potentialAction":[{"@type":"ReadAction","target":["https:\/\/ingridejohnson.com\/de\/mein-weg-meine-vision-und-erfahrungenreise-und-vision"]}]},{"@type":"BreadcrumbList","@id":"https:\/\/ingridejohnson.com\/de\/mein-weg-meine-vision-und-erfahrungenreise-und-vision#breadcrumb","itemListElement":[{"@type":"ListItem","position":1,"name":"Home","item":"https:\/\/ingridejohnson.com\/de"},{"@type":"ListItem","position":2,"name":"Mein Weg, meine Vision und Erfahrungen"}]},{"@type":"WebSite","@id":"https:\/\/ingridejohnson.com\/#website","url":"https:\/\/ingridejohnson.com\/","name":"ingrid e johnson","description":"","potentialAction":[{"@type":"SearchAction","target":{"@type":"EntryPoint","urlTemplate":"https:\/\/ingridejohnson.com\/?s={search_term_string}"},"query-input":{"@type":"PropertyValueSpecification","valueRequired":true,"valueName":"search_term_string"}}],"inLanguage":"de"}]}},"_links":{"self":[{"href":"https:\/\/ingridejohnson.com\/de\/wp-json\/wp\/v2\/pages\/3591","targetHints":{"allow":["GET"]}}],"collection":[{"href":"https:\/\/ingridejohnson.com\/de\/wp-json\/wp\/v2\/pages"}],"about":[{"href":"https:\/\/ingridejohnson.com\/de\/wp-json\/wp\/v2\/types\/page"}],"author":[{"embeddable":true,"href":"https:\/\/ingridejohnson.com\/de\/wp-json\/wp\/v2\/users\/1"}],"replies":[{"embeddable":true,"href":"https:\/\/ingridejohnson.com\/de\/wp-json\/wp\/v2\/comments?post=3591"}],"version-history":[{"count":17,"href":"https:\/\/ingridejohnson.com\/de\/wp-json\/wp\/v2\/pages\/3591\/revisions"}],"predecessor-version":[{"id":3767,"href":"https:\/\/ingridejohnson.com\/de\/wp-json\/wp\/v2\/pages\/3591\/revisions\/3767"}],"wp:attachment":[{"href":"https:\/\/ingridejohnson.com\/de\/wp-json\/wp\/v2\/media?parent=3591"}],"curies":[{"name":"wp","href":"https:\/\/api.w.org\/{rel}","templated":true}]}}